{"id":27,"date":"2012-02-08T12:31:52","date_gmt":"2012-02-08T12:31:52","guid":{"rendered":"http:\/\/wagner-elektrik.de\/?page_id=27"},"modified":"2014-12-27T14:26:29","modified_gmt":"2014-12-27T14:26:29","slug":"forderungvergutung","status":"publish","type":"page","link":"https:\/\/wagner-elektrik.de\/?page_id=27","title":{"rendered":"F\u00f6rderung\/Verg\u00fctung"},"content":{"rendered":"<p><\/br><br \/>\nDie aktuellen EEG-Verg\u00fctungss\u00e4tze finden Sie auf folgender Seite:<\/br><br \/>\n<\/br><br \/>\n<a title=\"Solarstrom-Verg\u00fctungen im \u00dcberblick\" href=\"http:\/\/www.sfv.de\/lokal\/mails\/sj\/verguetu.htm\" target=\"_blank\">Solarenergie-F\u00f6rderverein e.V.<\/a><\/p>\n","protected":false},"excerpt":{"rendered":"<p>Die aktuellen EEG-Verg\u00fctungss\u00e4tze finden Sie auf folgender Seite: Solarenergie-F\u00f6rderverein e.V.<\/p>\n","protected":false},"author":1,"featured_media":0,"parent":2,"menu_order":3,"comment_status":"closed","ping_status":"closed","template":"","meta":{"footnotes":""},"class_list":["post-27","page","type-page","status-publish","hentry"],"_links":{"self":[{"href":"https:\/\/wagner-elektrik.de\/index.php?rest_route=\/wp\/v2\/pages\/27","targetHints":{"allow":["GET"]}}],"collection":[{"href":"https:\/\/wagner-elektrik.de\/index.php?rest_route=\/wp\/v2\/pages"}],"about":[{"href":"https:\/\/wagner-elektrik.de\/index.php?rest_route=\/wp\/v2\/types\/page"}],"author":[{"embeddable":true,"href":"https:\/\/wagner-elektrik.de\/index.php?rest_route=\/wp\/v2\/users\/1"}],"replies":[{"embeddable":true,"href":"https:\/\/wagner-elektrik.de\/index.php?rest_route=%2Fwp%2Fv2%2Fcomments&post=27"}],"version-history":[{"count":9,"href":"https:\/\/wagner-elektrik.de\/index.php?rest_route=\/wp\/v2\/pages\/27\/revisions"}],"predecessor-version":[{"id":138,"href":"https:\/\/wagner-elektrik.de\/index.php?rest_route=\/wp\/v2\/pages\/27\/revisions\/138"}],"up":[{"embeddable":true,"href":"https:\/\/wagner-elektrik.de\/index.php?rest_route=\/wp\/v2\/pages\/2"}],"wp:attachment":[{"href":"https:\/\/wagner-elektrik.de\/index.php?rest_route=%2Fwp%2Fv2%2Fmedia&parent=27"}],"curies":[{"name":"wp","href":"https:\/\/api.w.org\/{rel}","templated":true}]}}