{"id":30,"date":"2012-02-08T12:32:27","date_gmt":"2012-02-08T12:32:27","guid":{"rendered":"http:\/\/wagner-elektrik.de\/?page_id=30"},"modified":"2012-02-15T19:51:09","modified_gmt":"2012-02-15T19:51:09","slug":"grosanlagen","status":"publish","type":"page","link":"https:\/\/wagner-elektrik.de\/?page_id=30","title":{"rendered":"Gro\u00dfanlagen"},"content":{"rendered":"<p>Gro\u00dfanlagen auf Gewerbegeb\u00e4uden erreichen als Eigenverbrauchs-Anlagen (EEG ab 2009) die h\u00f6chsten Renditen, sind aber auch als reine Einspeise-Anlagen sehr ertragreich.<\/p>\n<p style=\"text-align: left;\"><img loading=\"lazy\" decoding=\"async\" class=\"alignnone size-full wp-image-87\" title=\"mit Console 30\u00b0 Aufgest\u00e4nderte Anlage Sanjo-Danfoss\" src=\"http:\/\/wagner-elektrik.de\/wp-content\/uploads\/2012\/02\/mit-Console-30\u00b0-Aufgest\u00e4nderte-Anlage-Sanjo-Danfoss.jpg\" alt=\"\" width=\"400\" height=\"300\" srcset=\"https:\/\/wagner-elektrik.de\/wp-content\/uploads\/2012\/02\/mit-Console-30\u00b0-Aufgest\u00e4nderte-Anlage-Sanjo-Danfoss.jpg 400w, https:\/\/wagner-elektrik.de\/wp-content\/uploads\/2012\/02\/mit-Console-30\u00b0-Aufgest\u00e4nderte-Anlage-Sanjo-Danfoss-300x225.jpg 300w\" sizes=\"auto, (max-width: 400px) 100vw, 400px\" \/>\u00a0\u00a0\u00a0\u00a0\u00a0\u00a0\u00a0 <img loading=\"lazy\" decoding=\"async\" class=\"alignnone size-full wp-image-89\" title=\"Q-cells Anlage 100Kwp\" src=\"http:\/\/wagner-elektrik.de\/wp-content\/uploads\/2012\/02\/Q-cells-Anlage-100Kwp.jpg\" alt=\"\" width=\"400\" height=\"300\" srcset=\"https:\/\/wagner-elektrik.de\/wp-content\/uploads\/2012\/02\/Q-cells-Anlage-100Kwp.jpg 400w, https:\/\/wagner-elektrik.de\/wp-content\/uploads\/2012\/02\/Q-cells-Anlage-100Kwp-300x225.jpg 300w\" sizes=\"auto, (max-width: 400px) 100vw, 400px\" \/><img loading=\"lazy\" decoding=\"async\" class=\"alignnone size-full wp-image-90\" title=\"Landwirtschaftliches Geb\u00e4ude ohne Eigenverbrauch\" src=\"http:\/\/wagner-elektrik.de\/wp-content\/uploads\/2012\/02\/Landwirtschaftliches-Geb\u00e4ude-ohne-Eigenverbrauch.jpg\" alt=\"\" width=\"400\" height=\"300\" srcset=\"https:\/\/wagner-elektrik.de\/wp-content\/uploads\/2012\/02\/Landwirtschaftliches-Geb\u00e4ude-ohne-Eigenverbrauch.jpg 400w, https:\/\/wagner-elektrik.de\/wp-content\/uploads\/2012\/02\/Landwirtschaftliches-Geb\u00e4ude-ohne-Eigenverbrauch-300x225.jpg 300w\" sizes=\"auto, (max-width: 400px) 100vw, 400px\" \/>\u00a0\u00a0\u00a0\u00a0\u00a0\u00a0\u00a0\u00a0 <img loading=\"lazy\" decoding=\"async\" class=\"alignnone size-full wp-image-92\" title=\"Q-cells Dachparallele Anlage mit modernen CiGS-Zellen\" src=\"http:\/\/wagner-elektrik.de\/wp-content\/uploads\/2012\/02\/Q-cells-Dachparallele-Anlage-mit-modernen-CiGS-Zellen1.jpg\" alt=\"\" width=\"400\" height=\"300\" srcset=\"https:\/\/wagner-elektrik.de\/wp-content\/uploads\/2012\/02\/Q-cells-Dachparallele-Anlage-mit-modernen-CiGS-Zellen1.jpg 400w, https:\/\/wagner-elektrik.de\/wp-content\/uploads\/2012\/02\/Q-cells-Dachparallele-Anlage-mit-modernen-CiGS-Zellen1-300x225.jpg 300w\" sizes=\"auto, (max-width: 400px) 100vw, 400px\" \/><\/p>\n<p style=\"text-align: left;\">\n","protected":false},"excerpt":{"rendered":"<p>Gro\u00dfanlagen auf Gewerbegeb\u00e4uden erreichen als Eigenverbrauchs-Anlagen (EEG ab 2009) die h\u00f6chsten Renditen, sind aber auch als reine Einspeise-Anlagen sehr ertragreich. \u00a0\u00a0\u00a0\u00a0\u00a0\u00a0\u00a0 \u00a0\u00a0\u00a0\u00a0\u00a0\u00a0\u00a0\u00a0<\/p>\n","protected":false},"author":1,"featured_media":0,"parent":23,"menu_order":1,"comment_status":"closed","ping_status":"closed","template":"","meta":{"footnotes":""},"class_list":["post-30","page","type-page","status-publish","hentry"],"_links":{"self":[{"href":"https:\/\/wagner-elektrik.de\/index.php?rest_route=\/wp\/v2\/pages\/30","targetHints":{"allow":["GET"]}}],"collection":[{"href":"https:\/\/wagner-elektrik.de\/index.php?rest_route=\/wp\/v2\/pages"}],"about":[{"href":"https:\/\/wagner-elektrik.de\/index.php?rest_route=\/wp\/v2\/types\/page"}],"author":[{"embeddable":true,"href":"https:\/\/wagner-elektrik.de\/index.php?rest_route=\/wp\/v2\/users\/1"}],"replies":[{"embeddable":true,"href":"https:\/\/wagner-elektrik.de\/index.php?rest_route=%2Fwp%2Fv2%2Fcomments&post=30"}],"version-history":[{"count":4,"href":"https:\/\/wagner-elektrik.de\/index.php?rest_route=\/wp\/v2\/pages\/30\/revisions"}],"predecessor-version":[{"id":86,"href":"https:\/\/wagner-elektrik.de\/index.php?rest_route=\/wp\/v2\/pages\/30\/revisions\/86"}],"up":[{"embeddable":true,"href":"https:\/\/wagner-elektrik.de\/index.php?rest_route=\/wp\/v2\/pages\/23"}],"wp:attachment":[{"href":"https:\/\/wagner-elektrik.de\/index.php?rest_route=%2Fwp%2Fv2%2Fmedia&parent=30"}],"curies":[{"name":"wp","href":"https:\/\/api.w.org\/{rel}","templated":true}]}}