{"id":34,"date":"2012-02-08T12:33:09","date_gmt":"2012-02-08T12:33:09","guid":{"rendered":"http:\/\/wagner-elektrik.de\/?page_id=34"},"modified":"2012-02-15T20:13:55","modified_gmt":"2012-02-15T20:13:55","slug":"indachanlagen","status":"publish","type":"page","link":"https:\/\/wagner-elektrik.de\/?page_id=34","title":{"rendered":"Indachanlagen"},"content":{"rendered":"<p>Indachanlagen bieten bei Neubau bzw. Dachneudeckung die M\u00f6glichkeit einer architektonisch sehr sch\u00f6nen L\u00f6sung mit Mehrfachnutzen.<\/p>\n<p>Dabei \u00dcbernehmen Die Module den Kompletten Wetterschutz des Daches. Diese Systeme haben alle notwendigen Zulassungen f\u00fcr langfristig sicheres und dichtes Dach.<\/p>\n<p><img loading=\"lazy\" decoding=\"async\" class=\"alignnone size-full wp-image-102\" title=\"Indach Montage auf Eigenheim in Weifa 6,3KWp\" src=\"http:\/\/wagner-elektrik.de\/wp-content\/uploads\/2012\/02\/Indach-Montage-auf-Eigenheim-in-Weifa-63KWp.jpg\" alt=\"\" width=\"400\" height=\"300\" srcset=\"https:\/\/wagner-elektrik.de\/wp-content\/uploads\/2012\/02\/Indach-Montage-auf-Eigenheim-in-Weifa-63KWp.jpg 400w, https:\/\/wagner-elektrik.de\/wp-content\/uploads\/2012\/02\/Indach-Montage-auf-Eigenheim-in-Weifa-63KWp-300x225.jpg 300w\" sizes=\"auto, (max-width: 400px) 100vw, 400px\" \/>\u00a0\u00a0\u00a0\u00a0 \u00a0\u00a0\u00a0\u00a0<img loading=\"lazy\" decoding=\"async\" class=\"alignnone size-full wp-image-105\" title=\"Solardach mit Modulen von Centrosolar und SMA Wechselrichtern\" src=\"http:\/\/wagner-elektrik.de\/wp-content\/uploads\/2012\/02\/Solardach-mit-Modulen-von-Centrosolar-und-SMA-Wechselrichtern1.jpg\" alt=\"\" width=\"400\" height=\"300\" srcset=\"https:\/\/wagner-elektrik.de\/wp-content\/uploads\/2012\/02\/Solardach-mit-Modulen-von-Centrosolar-und-SMA-Wechselrichtern1.jpg 400w, https:\/\/wagner-elektrik.de\/wp-content\/uploads\/2012\/02\/Solardach-mit-Modulen-von-Centrosolar-und-SMA-Wechselrichtern1-300x225.jpg 300w\" sizes=\"auto, (max-width: 400px) 100vw, 400px\" \/><\/p>\n","protected":false},"excerpt":{"rendered":"<p>Indachanlagen bieten bei Neubau bzw. Dachneudeckung die M\u00f6glichkeit einer architektonisch sehr sch\u00f6nen L\u00f6sung mit Mehrfachnutzen. Dabei \u00dcbernehmen Die Module den Kompletten Wetterschutz des Daches. Diese Systeme haben alle notwendigen Zulassungen f\u00fcr langfristig sicheres und dichtes Dach. \u00a0\u00a0\u00a0\u00a0 \u00a0\u00a0\u00a0\u00a0<\/p>\n","protected":false},"author":1,"featured_media":0,"parent":23,"menu_order":3,"comment_status":"closed","ping_status":"closed","template":"","meta":{"footnotes":""},"class_list":["post-34","page","type-page","status-publish","hentry"],"_links":{"self":[{"href":"https:\/\/wagner-elektrik.de\/index.php?rest_route=\/wp\/v2\/pages\/34","targetHints":{"allow":["GET"]}}],"collection":[{"href":"https:\/\/wagner-elektrik.de\/index.php?rest_route=\/wp\/v2\/pages"}],"about":[{"href":"https:\/\/wagner-elektrik.de\/index.php?rest_route=\/wp\/v2\/types\/page"}],"author":[{"embeddable":true,"href":"https:\/\/wagner-elektrik.de\/index.php?rest_route=\/wp\/v2\/users\/1"}],"replies":[{"embeddable":true,"href":"https:\/\/wagner-elektrik.de\/index.php?rest_route=%2Fwp%2Fv2%2Fcomments&post=34"}],"version-history":[{"count":3,"href":"https:\/\/wagner-elektrik.de\/index.php?rest_route=\/wp\/v2\/pages\/34\/revisions"}],"predecessor-version":[{"id":101,"href":"https:\/\/wagner-elektrik.de\/index.php?rest_route=\/wp\/v2\/pages\/34\/revisions\/101"}],"up":[{"embeddable":true,"href":"https:\/\/wagner-elektrik.de\/index.php?rest_route=\/wp\/v2\/pages\/23"}],"wp:attachment":[{"href":"https:\/\/wagner-elektrik.de\/index.php?rest_route=%2Fwp%2Fv2%2Fmedia&parent=34"}],"curies":[{"name":"wp","href":"https:\/\/api.w.org\/{rel}","templated":true}]}}